{"id":9484,"date":"2025-12-12T14:37:17","date_gmt":"2025-12-12T17:37:17","guid":{"rendered":"https:\/\/stprovidencia.cl\/web\/?page_id=9484"},"modified":"2025-12-12T14:46:18","modified_gmt":"2025-12-12T17:46:18","slug":"comunicado-asistentes-de-la-educacion","status":"publish","type":"page","link":"https:\/\/stprovidencia.cl\/web\/comunicado-asistentes-de-la-educacion\/","title":{"rendered":"Comunicado: Asistentes de la Educaci\u00f3n"},"content":{"rendered":"<p><img loading=\"lazy\" decoding=\"async\" class=\"aligncenter size-full wp-image-2425\" src=\"https:\/\/stprovidencia.cl\/web\/wp-content\/uploads\/2019\/12\/banner-asistente-de-la-educ.png\" alt=\"\" width=\"660\" height=\"351\" srcset=\"https:\/\/stprovidencia.cl\/web\/wp-content\/uploads\/2019\/12\/banner-asistente-de-la-educ.png 660w, https:\/\/stprovidencia.cl\/web\/wp-content\/uploads\/2019\/12\/banner-asistente-de-la-educ-300x160.png 300w, https:\/\/stprovidencia.cl\/web\/wp-content\/uploads\/2019\/12\/banner-asistente-de-la-educ-310x165.png 310w\" sizes=\"auto, (max-width: 660px) 100vw, 660px\" \/><\/p>\n<p>Estimados socios y socias Asistentes de la Educaci\u00f3n:<\/p>\n<p>Por medio de la presente, informamos a usted que el 11 de diciembre, se llev\u00f3 a cabo la segunda mesa negociadora en el contexto de la negociaci\u00f3n colectiva.<\/p>\n<p>Hemos logrado algunos avances, sin embargo, a\u00fan no hemos alcanzado un acuerdo total. La pr\u00f3xima semana nuevamente se reunir\u00e1 la mesa de negociaci\u00f3n.<\/p>\n<p>Estaremos informando oportunamente sobre los posibles avances de la negociaci\u00f3n.<\/p>\n<p>Atentamente,<\/p>\n<p>STProvidencia<\/p>\n","protected":false},"excerpt":{"rendered":"<p>Estimados socios y socias Asistentes de la Educaci\u00f3n: Por medio de la presente, informamos a usted que el 11 de diciembre, se llev\u00f3 a cabo la segunda mesa negociadora en el contexto de la negociaci\u00f3n colectiva. Hemos logrado algunos avances, sin embargo, a\u00fan no hemos alcanzado un acuerdo total. La pr\u00f3xima semana nuevamente se reunir\u00e1 &hellip;<\/p>\n","protected":false},"author":1,"featured_media":2425,"parent":0,"menu_order":0,"comment_status":"closed","ping_status":"closed","template":"","meta":{"footnotes":""},"class_list":["post-9484","page","type-page","status-publish","has-post-thumbnail",""],"_links":{"self":[{"href":"https:\/\/stprovidencia.cl\/web\/wp-json\/wp\/v2\/pages\/9484","targetHints":{"allow":["GET"]}}],"collection":[{"href":"https:\/\/stprovidencia.cl\/web\/wp-json\/wp\/v2\/pages"}],"about":[{"href":"https:\/\/stprovidencia.cl\/web\/wp-json\/wp\/v2\/types\/page"}],"author":[{"embeddable":true,"href":"https:\/\/stprovidencia.cl\/web\/wp-json\/wp\/v2\/users\/1"}],"replies":[{"embeddable":true,"href":"https:\/\/stprovidencia.cl\/web\/wp-json\/wp\/v2\/comments?post=9484"}],"version-history":[{"count":3,"href":"https:\/\/stprovidencia.cl\/web\/wp-json\/wp\/v2\/pages\/9484\/revisions"}],"predecessor-version":[{"id":9487,"href":"https:\/\/stprovidencia.cl\/web\/wp-json\/wp\/v2\/pages\/9484\/revisions\/9487"}],"wp:featuredmedia":[{"embeddable":true,"href":"https:\/\/stprovidencia.cl\/web\/wp-json\/wp\/v2\/media\/2425"}],"wp:attachment":[{"href":"https:\/\/stprovidencia.cl\/web\/wp-json\/wp\/v2\/media?parent=9484"}],"curies":[{"name":"wp","href":"https:\/\/api.w.org\/{rel}","templated":true}]}}