{"id":8173,"date":"2024-11-14T15:20:19","date_gmt":"2024-11-14T18:20:19","guid":{"rendered":"https:\/\/stprovidencia.cl\/web\/?page_id=8173"},"modified":"2025-05-26T20:01:53","modified_gmt":"2025-05-27T00:01:53","slug":"directiva-2024","status":"publish","type":"page","link":"https:\/\/stprovidencia.cl\/web\/directiva-2024\/","title":{"rendered":"Directiva 2024"},"content":{"rendered":"<table border=\"0\" width=\"560\" cellspacing=\"0\" cellpadding=\"0\">\n<tbody>\n<tr style=\"height: 195px;\" valign=\"top\">\n<td style=\"height: 195px;\" width=\"200\"><img loading=\"lazy\" decoding=\"async\" class=\"aligncenter size-full wp-image-6845\" src=\"https:\/\/stprovidencia.cl\/web\/wp-content\/uploads\/2023\/08\/miriam2023.jpg\" alt=\"\" width=\"200\" height=\"200\" srcset=\"https:\/\/stprovidencia.cl\/web\/wp-content\/uploads\/2023\/08\/miriam2023.jpg 200w, https:\/\/stprovidencia.cl\/web\/wp-content\/uploads\/2023\/08\/miriam2023-150x150.jpg 150w\" sizes=\"auto, (max-width: 200px) 100vw, 200px\" \/><\/td>\n<td style=\"height: 195px;\" width=\"10\"><\/td>\n<td style=\"height: 195px;\" width=\"350\"><strong>MIRIAM RABAH CAHBAR<br \/>\n<\/strong>Presidencia<br \/>\npresidencia@stprovidencia.cl<br \/>\n<a href=\"http:\/\/stprovidencia.cl\/web\/contacto-con-la-presidencia\/\" target=\"_parent\">Contacto<\/a><\/td>\n<\/tr>\n<tr style=\"height: 24px;\" valign=\"top\">\n<td style=\"height: 24px;\"><\/td>\n<td style=\"height: 24px;\"><\/td>\n<td style=\"height: 24px;\"><\/td>\n<\/tr>\n<tr style=\"height: 195px;\" valign=\"top\">\n<td style=\"height: 195px;\"><img loading=\"lazy\" decoding=\"async\" class=\"aligncenter size-full wp-image-6846\" src=\"https:\/\/stprovidencia.cl\/web\/wp-content\/uploads\/2023\/08\/valeska2023.jpg\" alt=\"\" width=\"200\" height=\"200\" srcset=\"https:\/\/stprovidencia.cl\/web\/wp-content\/uploads\/2023\/08\/valeska2023.jpg 200w, https:\/\/stprovidencia.cl\/web\/wp-content\/uploads\/2023\/08\/valeska2023-150x150.jpg 150w\" sizes=\"auto, (max-width: 200px) 100vw, 200px\" \/><\/td>\n<td style=\"height: 195px;\"><\/td>\n<td style=\"height: 195px;\"><strong>VALESKA VASQUEZ GUTIERREZ<br \/>\n<\/strong>Tesorer\u00eda<br \/>\ntesoreria@stprovidencia.cl<br \/>\n<a href=\"http:\/\/stprovidencia.cl\/web\/contacto-con-tesoreria\/\" target=\"_parent\">Contacto<\/a><\/td>\n<\/tr>\n<tr style=\"height: 24px;\" valign=\"top\">\n<td style=\"height: 24px;\"><\/td>\n<td style=\"height: 24px;\"><\/td>\n<td style=\"height: 24px;\"><\/td>\n<\/tr>\n<tr style=\"height: 195px;\" valign=\"top\">\n<td style=\"height: 195px;\"><img loading=\"lazy\" decoding=\"async\" class=\"aligncenter size-full wp-image-6843\" src=\"https:\/\/stprovidencia.cl\/web\/wp-content\/uploads\/2023\/08\/fabiila2023.jpg\" alt=\"\" width=\"200\" height=\"200\" srcset=\"https:\/\/stprovidencia.cl\/web\/wp-content\/uploads\/2023\/08\/fabiila2023.jpg 200w, https:\/\/stprovidencia.cl\/web\/wp-content\/uploads\/2023\/08\/fabiila2023-150x150.jpg 150w\" sizes=\"auto, (max-width: 200px) 100vw, 200px\" \/><\/td>\n<td style=\"height: 195px;\"><\/td>\n<td style=\"height: 195px;\"><strong>MARIA FABIOLA SANHUEZA SEGUEL<\/strong><br \/>\nSecretar\u00eda<br \/>\nsindicato@stprovidencia.cl<br \/>\n<a href=\"https:\/\/stprovidencia.cl\/web\/contacto-sindicato\/\">Contacto<\/a><\/td>\n<\/tr>\n<tr style=\"height: 24px;\" valign=\"top\">\n<td style=\"height: 24px;\"><\/td>\n<td style=\"height: 24px;\"><\/td>\n<td style=\"height: 24px;\"><\/td>\n<\/tr>\n<tr style=\"height: 195px;\" valign=\"top\">\n<td style=\"height: 195px;\"><img loading=\"lazy\" decoding=\"async\" class=\"aligncenter size-full wp-image-6844\" src=\"https:\/\/stprovidencia.cl\/web\/wp-content\/uploads\/2024\/11\/ana-maria-v2.jpg\" alt=\"\" width=\"200\" height=\"200\" \/><\/td>\n<td style=\"height: 195px;\"><\/td>\n<td style=\"height: 195px;\"><strong>ANA MARIA LOPEZ<br \/>\n<\/strong>ProTesorer\u00eda<br \/>\nsindicato@stprovidencia.cl<br \/>\n<a href=\"https:\/\/stprovidencia.cl\/web\/contacto-sindicato\/\">Contacto<\/a><\/td>\n<\/tr>\n<tr style=\"height: 24px;\" valign=\"top\">\n<td style=\"height: 24px;\"><\/td>\n<td style=\"height: 24px;\"><\/td>\n<td style=\"height: 24px;\"><\/td>\n<\/tr>\n<tr style=\"height: 195px;\" valign=\"top\">\n<td style=\"height: 195px;\"><img loading=\"lazy\" decoding=\"async\" class=\"aligncenter size-full wp-image-6844\" src=\"https:\/\/stprovidencia.cl\/web\/wp-content\/uploads\/2023\/08\/luis2023.jpg\" alt=\"\" width=\"200\" height=\"200\" srcset=\"https:\/\/stprovidencia.cl\/web\/wp-content\/uploads\/2023\/08\/luis2023.jpg 200w, https:\/\/stprovidencia.cl\/web\/wp-content\/uploads\/2023\/08\/luis2023-150x150.jpg 150w\" sizes=\"auto, (max-width: 200px) 100vw, 200px\" \/><\/td>\n<td style=\"height: 186.438px;\"><\/td>\n<td style=\"height: 186.438px;\">\u00a0<strong>LUIS CONTRERAS ROJAS<br \/>\n<\/strong>ProTesorer\u00eda<br \/>\nsindicato@stprovidencia.cl<br \/>\n<a href=\"https:\/\/stprovidencia.cl\/web\/contacto-sindicato\/\">Contacto<\/a><\/td>\n<\/tr>\n<\/tbody>\n<\/table>\n","protected":false},"excerpt":{"rendered":"<p>MIRIAM RABAH CAHBAR Presidencia presidencia@stprovidencia.cl Contacto VALESKA VASQUEZ GUTIERREZ Tesorer\u00eda tesoreria@stprovidencia.cl Contacto MARIA FABIOLA SANHUEZA SEGUEL Secretar\u00eda sindicato@stprovidencia.cl Contacto ANA MARIA LOPEZ ProTesorer\u00eda sindicato@stprovidencia.cl Contacto \u00a0LUIS CONTRERAS ROJAS ProTesorer\u00eda sindicato@stprovidencia.cl Contacto<\/p>\n","protected":false},"author":1,"featured_media":0,"parent":0,"menu_order":0,"comment_status":"closed","ping_status":"closed","template":"","meta":{"footnotes":""},"class_list":["post-8173","page","type-page","status-publish",""],"_links":{"self":[{"href":"https:\/\/stprovidencia.cl\/web\/wp-json\/wp\/v2\/pages\/8173","targetHints":{"allow":["GET"]}}],"collection":[{"href":"https:\/\/stprovidencia.cl\/web\/wp-json\/wp\/v2\/pages"}],"about":[{"href":"https:\/\/stprovidencia.cl\/web\/wp-json\/wp\/v2\/types\/page"}],"author":[{"embeddable":true,"href":"https:\/\/stprovidencia.cl\/web\/wp-json\/wp\/v2\/users\/1"}],"replies":[{"embeddable":true,"href":"https:\/\/stprovidencia.cl\/web\/wp-json\/wp\/v2\/comments?post=8173"}],"version-history":[{"count":6,"href":"https:\/\/stprovidencia.cl\/web\/wp-json\/wp\/v2\/pages\/8173\/revisions"}],"predecessor-version":[{"id":8574,"href":"https:\/\/stprovidencia.cl\/web\/wp-json\/wp\/v2\/pages\/8173\/revisions\/8574"}],"wp:attachment":[{"href":"https:\/\/stprovidencia.cl\/web\/wp-json\/wp\/v2\/media?parent=8173"}],"curies":[{"name":"wp","href":"https:\/\/api.w.org\/{rel}","templated":true}]}}