{"id":7513,"date":"2024-06-05T17:10:27","date_gmt":"2024-06-05T21:10:27","guid":{"rendered":"https:\/\/stprovidencia.cl\/web\/?page_id=7513"},"modified":"2024-06-05T17:10:27","modified_gmt":"2024-06-05T21:10:27","slug":"stprovidencia-informa","status":"publish","type":"page","link":"https:\/\/stprovidencia.cl\/web\/stprovidencia-informa\/","title":{"rendered":"STProvidencia Informa"},"content":{"rendered":"<p><img loading=\"lazy\" decoding=\"async\" class=\"aligncenter size-full wp-image-7405\" src=\"https:\/\/stprovidencia.cl\/web\/wp-content\/uploads\/2024\/05\/stp-infoma-02.jpg\" alt=\"\" width=\"660\" height=\"330\" srcset=\"https:\/\/stprovidencia.cl\/web\/wp-content\/uploads\/2024\/05\/stp-infoma-02.jpg 660w, https:\/\/stprovidencia.cl\/web\/wp-content\/uploads\/2024\/05\/stp-infoma-02-300x150.jpg 300w\" sizes=\"auto, (max-width: 660px) 100vw, 660px\" \/><\/p>\n<p>Estimados Socias y Socios:<\/p>\n<p>Junto con saludar, informamos a ustedes que, a partir 01 de junio del 2024, nuestro Sindicato entregar\u00e1 tortas a todos los establecimientos, para contribuir a la celebraci\u00f3n del aniversario de cada colegio.<\/p>\n<p>Dicha entrega ser\u00e1 canalizada por el delegado sindical que lo representa, haciendo la solicitud con 10 d\u00edas de anticipaci\u00f3n, indicando el n\u00famero de beneficiarios.<\/p>\n<p>Atentamente,<\/p>\n<p>STProvidencia<\/p>\n","protected":false},"excerpt":{"rendered":"<p>Estimados Socias y Socios: Junto con saludar, informamos a ustedes que, a partir 01 de junio del 2024, nuestro Sindicato entregar\u00e1 tortas a todos los establecimientos, para contribuir a la celebraci\u00f3n del aniversario de cada colegio. Dicha entrega ser\u00e1 canalizada por el delegado sindical que lo representa, haciendo la solicitud con 10 d\u00edas de anticipaci\u00f3n, &hellip;<\/p>\n","protected":false},"author":1,"featured_media":7405,"parent":0,"menu_order":0,"comment_status":"closed","ping_status":"closed","template":"","meta":{"footnotes":""},"class_list":["post-7513","page","type-page","status-publish","has-post-thumbnail",""],"_links":{"self":[{"href":"https:\/\/stprovidencia.cl\/web\/wp-json\/wp\/v2\/pages\/7513","targetHints":{"allow":["GET"]}}],"collection":[{"href":"https:\/\/stprovidencia.cl\/web\/wp-json\/wp\/v2\/pages"}],"about":[{"href":"https:\/\/stprovidencia.cl\/web\/wp-json\/wp\/v2\/types\/page"}],"author":[{"embeddable":true,"href":"https:\/\/stprovidencia.cl\/web\/wp-json\/wp\/v2\/users\/1"}],"replies":[{"embeddable":true,"href":"https:\/\/stprovidencia.cl\/web\/wp-json\/wp\/v2\/comments?post=7513"}],"version-history":[{"count":1,"href":"https:\/\/stprovidencia.cl\/web\/wp-json\/wp\/v2\/pages\/7513\/revisions"}],"predecessor-version":[{"id":7514,"href":"https:\/\/stprovidencia.cl\/web\/wp-json\/wp\/v2\/pages\/7513\/revisions\/7514"}],"wp:featuredmedia":[{"embeddable":true,"href":"https:\/\/stprovidencia.cl\/web\/wp-json\/wp\/v2\/media\/7405"}],"wp:attachment":[{"href":"https:\/\/stprovidencia.cl\/web\/wp-json\/wp\/v2\/media?parent=7513"}],"curies":[{"name":"wp","href":"https:\/\/api.w.org\/{rel}","templated":true}]}}