{"id":4407,"date":"2021-06-24T14:31:34","date_gmt":"2021-06-24T18:31:34","guid":{"rendered":"https:\/\/stprovidencia.cl\/web\/?page_id=4407"},"modified":"2021-06-24T14:41:49","modified_gmt":"2021-06-24T18:41:49","slug":"protocolo-bono-catastrofico","status":"publish","type":"page","link":"https:\/\/stprovidencia.cl\/web\/protocolo-bono-catastrofico\/","title":{"rendered":"Protocolo Bono Catastr\u00f3fico"},"content":{"rendered":"<p><img loading=\"lazy\" decoding=\"async\" class=\"aligncenter size-full wp-image-4410\" src=\"https:\/\/stprovidencia.cl\/web\/wp-content\/uploads\/2021\/06\/protocolo-bono-catastrofico.png\" alt=\"\" width=\"660\" height=\"351\" srcset=\"https:\/\/stprovidencia.cl\/web\/wp-content\/uploads\/2021\/06\/protocolo-bono-catastrofico.png 660w, https:\/\/stprovidencia.cl\/web\/wp-content\/uploads\/2021\/06\/protocolo-bono-catastrofico-300x160.png 300w, https:\/\/stprovidencia.cl\/web\/wp-content\/uploads\/2021\/06\/protocolo-bono-catastrofico-310x165.png 310w\" sizes=\"auto, (max-width: 660px) 100vw, 660px\" \/><\/p>\n<p>Estimados(as) socios y socias:<\/p>\n<p>En la Asamblea General de Socios y socias del 19 de noviembre de 2020, se present\u00f3 la moci\u00f3n de crear un bono catastr\u00f3fico para los socios en caso de enfermedades de alto costo. En dicha instancia se acord\u00f3 que este protocolo ser\u00eda definido entre la Directiva Sindical y el Comit\u00e9 de Delegados y Delegadas del Sindicato, quedando en el siguiente acuerdo.<\/p>\n<p><strong><u>El objetivo de este bono es ir en ayuda inmediata de los y las socios y socias que se encuentren en una situaci\u00f3n de gravedad\u00a0 de salud.<\/u><\/strong><\/p>\n<p><strong><u>Monto : $ 500.000, <em>sin devoluci\u00f3n<\/em>.<\/u><\/strong><\/p>\n<p>Los(as) socios(as) que deseen obtener este bono deber\u00e1n tener como m\u00ednimo un a\u00f1o calendario de filiaci\u00f3n en el sindicato.<\/p>\n<p>El(la) socio(a) podr\u00e1 recibir m\u00e1ximo dos veces el referido bono durante toda su vida sindical y deber\u00e1 transcurrir como m\u00ednimo cinco a\u00f1os calendario entre la entrega de ambos.<\/p>\n<p>Las causales para la entrega de este beneficio son:<\/p>\n<p style=\"padding-left: 30px;\">a. Enfermedades terminales, tales como: c\u00e1ncer, card\u00edacas, cardiovasculares.<\/p>\n<p style=\"padding-left: 30px;\">\u00c9stas deber\u00e1n ser comprobadas con certificaci\u00f3n m\u00e9dica y bonos de profesionales y ex\u00e1menes.<\/p>\n<p style=\"padding-left: 30px;\">b. Accidentes de riesgo vital que involucren hospitalizaciones.<\/p>\n<p style=\"padding-left: 30px;\">\u00c9stas deber\u00e1n ser comprobadas con certificaci\u00f3n m\u00e9dica y bonos de profesionales y ex\u00e1menes.<\/p>\n<p><strong><u>Quedan descartadas enfermedades profesionales y\/o accidentes de trabajo<\/u>.<\/strong><\/p>\n<blockquote><p><strong>IMPORTANTE:<\/strong> para la entrega del bono, el socio(a) deber\u00e1 haber incurrido en un gasto real de $ 1.000.000 hacia arriba, es decir, montos que ya vengan con los descuentos de Fonasa o Isapre, Seguro de Salud de la CDS, bienestar, etc.<\/p><\/blockquote>\n<p style=\"padding-left: 30px;\">Para ello se deben anexar los documentos correspondientes.<\/p>\n<p><strong>TOPE DE ENTREGA DE BONOS ANUALES:<\/strong> 10.<\/p>\n<p>Cualquier situaci\u00f3n no descrita en este reglamento ser\u00e1 consultada y evaluada por la directiva sindical y el consejo de delegados sindicales para su resoluci\u00f3n.<\/p>\n<p>SANTIAGO, 2021.<\/p>\n<p>Directiva<br \/>\nSTProvidencia<\/p>\n","protected":false},"excerpt":{"rendered":"<p>Estimados(as) socios y socias: En la Asamblea General de Socios y socias del 19 de noviembre de 2020, se present\u00f3 la moci\u00f3n de crear un bono catastr\u00f3fico para los socios en caso de enfermedades de alto costo. En dicha instancia se acord\u00f3 que este protocolo ser\u00eda definido entre la Directiva Sindical y el Comit\u00e9 de &hellip;<\/p>\n","protected":false},"author":1,"featured_media":4410,"parent":0,"menu_order":0,"comment_status":"closed","ping_status":"closed","template":"","meta":{"footnotes":""},"class_list":["post-4407","page","type-page","status-publish","has-post-thumbnail",""],"_links":{"self":[{"href":"https:\/\/stprovidencia.cl\/web\/wp-json\/wp\/v2\/pages\/4407","targetHints":{"allow":["GET"]}}],"collection":[{"href":"https:\/\/stprovidencia.cl\/web\/wp-json\/wp\/v2\/pages"}],"about":[{"href":"https:\/\/stprovidencia.cl\/web\/wp-json\/wp\/v2\/types\/page"}],"author":[{"embeddable":true,"href":"https:\/\/stprovidencia.cl\/web\/wp-json\/wp\/v2\/users\/1"}],"replies":[{"embeddable":true,"href":"https:\/\/stprovidencia.cl\/web\/wp-json\/wp\/v2\/comments?post=4407"}],"version-history":[{"count":3,"href":"https:\/\/stprovidencia.cl\/web\/wp-json\/wp\/v2\/pages\/4407\/revisions"}],"predecessor-version":[{"id":4411,"href":"https:\/\/stprovidencia.cl\/web\/wp-json\/wp\/v2\/pages\/4407\/revisions\/4411"}],"wp:featuredmedia":[{"embeddable":true,"href":"https:\/\/stprovidencia.cl\/web\/wp-json\/wp\/v2\/media\/4410"}],"wp:attachment":[{"href":"https:\/\/stprovidencia.cl\/web\/wp-json\/wp\/v2\/media?parent=4407"}],"curies":[{"name":"wp","href":"https:\/\/api.w.org\/{rel}","templated":true}]}}