{"id":37,"date":"2016-10-14T17:41:56","date_gmt":"2016-10-14T21:41:56","guid":{"rendered":"http:\/\/steprovidencia.cl\/web\/?page_id=37"},"modified":"2018-09-24T02:19:55","modified_gmt":"2018-09-24T05:19:55","slug":"nuestra-historia","status":"publish","type":"page","link":"https:\/\/stprovidencia.cl\/web\/nuestra-historia\/","title":{"rendered":"Nuestra Historia"},"content":{"rendered":"<h2 style=\"text-align: center;\">\u00abUnicamente los peces muertos nadan con la corriente\u00bb<\/h2>\n<p style=\"text-align: justify;\"><img loading=\"lazy\" decoding=\"async\" class=\"alignleft wp-image-107 size-medium\" src=\"http:\/\/stprovidencia.cl\/web\/wp-content\/uploads\/2016\/10\/logo-oficial-1-300x300.png\" width=\"300\" height=\"300\" srcset=\"https:\/\/stprovidencia.cl\/web\/wp-content\/uploads\/2016\/10\/logo-oficial-1-300x300.png 300w, https:\/\/stprovidencia.cl\/web\/wp-content\/uploads\/2016\/10\/logo-oficial-1-150x150.png 150w, https:\/\/stprovidencia.cl\/web\/wp-content\/uploads\/2016\/10\/logo-oficial-1.png 600w\" sizes=\"auto, (max-width: 300px) 100vw, 300px\" \/>En un momento de la historia actual de Chile, en que los trabajadores de la Educaci\u00f3n de la Comuna de Providencia eran representados solo por el Colegio de Profesores y donde el sindicalismo no ten\u00eda gran ascendencia en la vida de la educaci\u00f3n municipal, emergi\u00f3 una nueva forma de lucha gracias al sue\u00f1o de algunos pocos trabajadores, un proceso nunca visto antes en la Comuna. El deseo de agruparse y luchar por los derechos inalienables de todos los trabajadores del \u00e1rea educativa de los colegios municipalizados dio origen al primer Sindicato de Trabajadores de la Educaci\u00f3n. Esta entidad fue producto de la iniciativa de un grupo de profesores del Liceo \u201c Jos\u00e9 V. Lastarria\u201d, pues en la d\u00e9cada de los 80\u2019s se reun\u00edan peri\u00f3dica y casi clandestinamente para tratar, analizar problemas y otros temas y adoptar acuerdos al respecto.<\/p>\n<p style=\"text-align: justify;\">Las motivaciones que impulsaron la creaci\u00f3n de este organismo fueron el estado de indefensi\u00f3n laboral del profesorado y funcionarios de los colegios dependientes de la Corporaci\u00f3n de Desarrollo Social de Providencia, que se traduc\u00eda en despidos arbitrarios, trato vejatorio de directivos y el no reconocimiento de dirigentes del Magisterio por parte del empleador. Agr\u00e9guese a lo anterior, el descontento por las p\u00e9rdidas gremiales, laborales y profesionales que provoc\u00f3 el traspaso de los colegios p\u00fablicos a los municipios y corporaciones (1981-1986).<\/p>\n<p style=\"text-align: justify;\">Anteriormente a 1990, se hicieron intentos para constituir alg\u00fan organismo que fuera representativo. Fue en 1985 cuando se trat\u00f3 de formar un Centro de Bienestar, iniciativa que fue frenada brutalmente por la Direcci\u00f3n del Liceo Lastarria. Recon\u00f3zcase, sin embargo, \u2013de acuerdo a la opini\u00f3n de los profesores-dirigentes de la \u00e9poca- la falta de decisi\u00f3n y valent\u00eda para enfrentar el fuerte y tumultoso clima pol\u00edtico dentro de la comuna, por lo que se tuvo que esperar al primer gobierno de la Concertaci\u00f3n para concretar dichas aspiraciones.<\/p>\n<p style=\"text-align: justify;\">En 1985 hubo elecciones democr\u00e1ticas en el Colegio de Profesores, pero las autoridades de la Corporaci\u00f3n de ese momento no reconocieron a los dirigentes, por lo que un sindicato era lo apropiado por las siguientes ventajas: el reconocimiento legal que el C\u00f3digo del Trabajo otorga a la organizaci\u00f3n para defender los derechos de los trabajadores, el fuero sindical de los dirigentes, el manejo de los recursos financieros que otorga la personalidad jur\u00eddica, la posibilidad de negociar colectivamente y el mayor significado que adquiere un socio de un sindicato en t\u00e9rminos de un compromiso social.<\/p>\n<p style=\"text-align: justify;\">As\u00ed en 1990, reuni\u00e9ndose diferentes funcionarios de todos las unidades educativas, formaron el actual Sindicato de Trabajadores de los Establecimientos Municipalizados de Providencia , formaliz\u00e1ndose este sue\u00f1o el 17 de octubre , seg\u00fan consta en el certificado de la Inspecci\u00f3n Comunal Santiago Oriente e indica que el d\u00eda 27 de septiembre de 1990 en nuestra \u201cacta de nacimiento\u201d se constituy\u00f3 con 291 socios fundadores, siendo un total de 600 funcionarios en la comuna en ese entonces e integrado por docentes y asistentes de la educaci\u00f3n.<\/p>\n<p class=\"texto_noticias_cuerpo\" style=\"text-align: justify;\" align=\"justify\">Contando con escasos recursos y precarios medios de publicidad, se\u00a0 acudi\u00f3 a la Radio Cooperativa, quienes gratuitamente difundieron la creaci\u00f3n de la nueva organizaci\u00f3n\u00a0 adem\u00e1s de publicar la informaci\u00f3n en varios peri\u00f3dicos de Santiago y \u00a0se realizaron las primeras elecciones en el local del Colegio \u201cLuis Campino\u201d, gentilmente facilitado por su director, puesto que la Corporaci\u00f3n no permiti\u00f3 realizar las elecciones en ning\u00fan local de su dependencia.<\/p>\n<p class=\"texto_noticias_cuerpo\" style=\"text-align: justify;\" align=\"justify\">Seg\u00fan la votaci\u00f3n la directiva definitiva fue conformada por los siguientes funcionarios: (1990-1992)<\/p>\n<ul style=\"text-align: justify;\">\n<li class=\"texto_noticias_cuerpo\">Sr. \u00c1ngel Espinoza Ch\u00e1vez (Presidente)<\/li>\n<li class=\"texto_noticias_cuerpo\">Sr. Jorge Guzm\u00e1n Labra (Secretario)<\/li>\n<li class=\"texto_noticias_cuerpo\">Sr. Jos\u00e9 Miguel Cuevas Palma (Tesorero)<\/li>\n<li class=\"texto_noticias_cuerpo\">Sra. Mar\u00eda Ang\u00e9lica Cofr\u00e9 Morales (1\u00ba Directora)<\/li>\n<li class=\"texto_noticias_cuerpo\">Sra. Mar\u00eda Eugenia Guerra M\u00e9ndez (2\u00ba Directora)<\/li>\n<\/ul>\n<p style=\"text-align: justify;\">El Presidente del Sindicato era docente del Colegio \u201c Juan Pablo Duarte\u201d y los profesores con cargo de Secretario y Tesorero, respectivamente del Liceo \u201c Jos\u00e9 Victorino Lastarria\u201d.<br \/>\nLa 1\u00ba Directora del Liceo \u201cTajamar\u201d y la 2\u00ba Directora funcionaria del Colegio \u201cJuan Pablo Duarte\u201d.<\/p>\n<p style=\"text-align: justify;\">Dentro de las primeras funciones del emergente Sindicato fue difundir el concepto de sindicalismo en todos sus asociados para incentivar la pertenencia y participaci\u00f3n de todos los funcionarios Para ello se organizaron visitas a las diferentes unidades, se escogieron delegados que pudiesen transmitir m\u00e1s r\u00e1pidamente todas las informaciones y gestiones de la directiva.\u00a0 Fue una etapa dif\u00edcil, especialmente en el ingreso a los establecimientos, porque la creaci\u00f3n de este sindicato romp\u00eda viejos esquemas en la relaci\u00f3n laboral de la Corporaci\u00f3n de Desarrollo Social de Providencia, corporaci\u00f3n de derecho privado dependiente de la Municipalidad de Providencia y siendo, en ese entonces alcaldesa de la comuna, la Sra. Carmen Grez de Anrique. \u00a0Se mantuvieron reuniones peri\u00f3dicas con directivos de la Corporaci\u00f3n los que, en lo formal, mostraron una actitud abierta y educada hacia los dirigentes, pero a la hora de las demandas econ\u00f3micas siempre se escudaban en los d\u00e9ficit permanentes de las finanzas por lo insuficiente de la subvenci\u00f3n escolar, cuyos montos siempre se negaban a declarar por ser la Corporaci\u00f3n una entidad privada.<\/p>\n<p style=\"text-align: justify;\">Tambi\u00e9n se trabaj\u00f3 arduamente en el Estatuto Docente, realizando gestiones con el entonces Ministro de Educaci\u00f3n, don Ricardo Lagos, conversaciones con los Diputados integrantes de la Comisi\u00f3n de Educaci\u00f3n.\u00a0 Se inici\u00f3 por primera vez una negociaci\u00f3n colectiva con el empleador para mejoras laborales.<\/p>\n<p style=\"text-align: justify;\">El primer periodo de la dirigencia sindical logr\u00f3 formar una imagen de fortaleza y perseverancia ante el entorno de funcionarios, por los constantes agravios al personal docente que se tuvo que enfrentar.<\/p>\n<h3 class=\"texto\" style=\"text-align: justify;\" align=\"justify\">2\u00ba PERIODO (1992-1994)<\/h3>\n<p class=\"texto\" style=\"text-align: justify;\" align=\"justify\">El segundo periodo eleccionario fue en el mes de octubre del a\u00f1o 1992, eligi\u00e9ndose a don Horacio Maldonado Vera como Presidente y adem\u00e1s Profesor del Liceo \u201c Jos\u00e9 V. Lastarria\u201d, en la Secretar\u00eda a do\u00f1a Mar\u00eda Eugenia Guerra M\u00e9ndez, funcionaria del Liceo \u201c Carmela Carvajal de Prat\u201d y do\u00f1a Patricia Iturrieta\u00a0 Mena \u00a0(Liceo N\u00ba 7 de Ni\u00f1as).<\/p>\n<p class=\"texto\" style=\"text-align: justify;\" align=\"justify\">En esta etapa, el sindicato dio un fuerte impulso al aspecto social creando las comisiones de cultura y bienestar, con los convenios correspondientes para obtener casa a trav\u00e9s de la C\u00e1mara Chilena de la Construcci\u00f3n y el Banco Estado, convenios dentales y la aplicaci\u00f3n del Decreto 3551 de 1981, acuerdo magisterial que regulaba el mejoramiento de los sueldos de los profesores hasta en un 100% en el a\u00f1o 1988 y el cual \u00a0hasta la fecha no hab\u00eda sido cancelado en su totalidad, para lo cual la \u00fanica v\u00eda fue acudir a Tribunales.\u00a0 Adem\u00e1s el tema del respeto al \u201cderecho adquirido\u201d a trav\u00e9s de los art\u00edculos t\u00e1citos en los contratos de los empleados, fue la t\u00f3nica fuerte durante esta etapa, especialmente con el personal codocente en el tema de las vacaciones, apreciando por parte del empleador un fuerte abuso de poder en no reconocer, adem\u00e1s, veredictos de la Inspecci\u00f3n del Trabajo en varios aspectos.<\/p>\n<h3 class=\"texto\" align=\"justify\">3\u00ba PERIODO ( 1994-1996)<\/h3>\n<p class=\"texto\" align=\"justify\">Este periodo comienza con su presidente reelecto, don Horacio Maldonado Vera del Liceo \u201c Jos\u00e9 Victorino Lastarria\u201d, un segundo periodo en el sindicato para don Jos\u00e9 Miguel Cuevas Palma, tambi\u00e9n del Liceo \u201c J. V. Lastarria\u201d como Secretario, do\u00f1a Patricia Iturrieta en el cargo de Tesorera ( Liceo N\u00ba 7 de Ni\u00f1as).\u00a0 En cargo de 1\u00ba Directora fue ocupado por la Sra. Patricia Herbage del Liceo N\u00ba 7 de Ni\u00f1as y don Jos\u00e9 Luis S\u00e1nchez del Liceo \u201c J.V. Lastarria\u201d.<\/p>\n<p class=\"texto\" align=\"justify\">Esta etapa se destaca nuevamente por la lucha por los derechos de los trabajadores codocentes, el pago justo de los bienios, tema que tuvieron a la directiva constantemente resolvi\u00e9ndolos v\u00eda Inspecci\u00f3n del Trabajo y en ciertas instancias se tuvo que llegar hasta la Direcci\u00f3n del Trabajo misma para que se reconociera la ley.<\/p>\n<h3 class=\"texto\" align=\"justify\">4\u00ba PERIODO (1996-1998)<\/h3>\n<p class=\"texto\" align=\"justify\">Nuevamente don Horacio Maldonado Vera sale reelegido como Presidente, don Jos\u00e9 Miguel Cuevas Palma, como Secretario y do\u00f1a Patricia Iturrieta Mena como Tesorera.\u00a0 El 1\u00ba Director fue don Gonzalo Arias Sanhueza y 2\u00ba Director, don Juan Silva Ortiz, ambos codocentes del Liceo \u201cJ. V. Lastarria\u201d<\/p>\n<p class=\"texto\" align=\"justify\">En esta etapa se luch\u00f3 por otorgar a los funcionarios codocentes la aplicaci\u00f3n de los seis d\u00edas administrativos en recuperaci\u00f3n de todos los d\u00edas 31 trabajados extra y no cancelados, de acuerdo a la Ley N\u00ba 18.883.\u00a0 Por otro lado se realizaron las primeras gestiones para la Negociaci\u00f3n Colectiva que beneficiaba directamente a los asistentes de la educaci\u00f3n, ya que los docentes de colegios municipales, seg\u00fan el Estatuto Docente, no pueden negociar.<\/p>\n<p class=\"texto\" align=\"justify\">As\u00ed lleg\u00f3 el cambio de milenio y el nombre del Sindicato ya era reconocido y\u00a0 respetado, destac\u00e1ndose por ser un referente que ha representado y defendido con dignidad los derechos de los profesores y funcionarios de la Corporaci\u00f3n, apelando a sus limitados recursos legales, dada la desventajosa situaci\u00f3n de los trabajadores respecto al empleador que presenta la legislaci\u00f3n laboral chilena.<\/p>\n<p class=\"texto\" align=\"justify\">Actualmente, el Sindicato es liderado, por primera vez, por una mujer que se ha destacado por ser jam\u00e1s silenciada ante las injusticias y por la defensa constante y permanente de los derechos laborales. Acompa\u00f1ada, adem\u00e1s, de dos directores con una gran fuerza y empuje en la defensa de los derechos labores.<\/p>\n<blockquote>\n<h2 class=\"texto\"><em>\u201cEn cualquier lugar que nos sorprenda la muerte, bienvenida sea, siempre que nuestro grito haya llegado a otros o\u00eddos y una mano recoja nuestro ideal\u201d<\/em><\/h2>\n<\/blockquote>\n<p class=\"texto\" style=\"text-align: justify;\"><em>NOTA: Esta recopilaci\u00f3n de hechos se ha escrito lo m\u00e1s fidedignamente posible, rescatando su historia a trav\u00e9s de los Libros de Actas desde su fundaci\u00f3n hasta el a\u00f1o 1998, por la Srta. Mar\u00eda Fabiola Sanhueza S., actual Secretaria, y por una visi\u00f3n globalizada de todos los periodos del Sr. Jos\u00e9 Miguel Cuevas Palma, ex dirigente.<\/em><\/p>\n<h3 class=\"texto\" style=\"text-align: justify;\">Socios Fundadores<\/h3>\n<p class=\"texto\" style=\"text-align: justify;\"><a href=\"http:\/\/stprovidencia.cl\/web\/wp-content\/uploads\/2016\/10\/socios_fundadores.pdf\"><img loading=\"lazy\" decoding=\"async\" class=\"aligncenter wp-image-53 size-full\" src=\"http:\/\/stprovidencia.cl\/web\/wp-content\/uploads\/2016\/10\/descargar.png\" width=\"200\" height=\"85\" \/><\/a><\/p>\n","protected":false},"excerpt":{"rendered":"<p>\u00abUnicamente los peces muertos nadan con la corriente\u00bb En un momento de la historia actual de Chile, en que los trabajadores de la Educaci\u00f3n de la Comuna de Providencia eran representados solo por el Colegio de Profesores y donde el sindicalismo no ten\u00eda gran ascendencia en la vida de la educaci\u00f3n municipal, emergi\u00f3 una nueva &hellip;<\/p>\n","protected":false},"author":1,"featured_media":0,"parent":0,"menu_order":0,"comment_status":"closed","ping_status":"closed","template":"","meta":{"footnotes":""},"class_list":["post-37","page","type-page","status-publish",""],"_links":{"self":[{"href":"https:\/\/stprovidencia.cl\/web\/wp-json\/wp\/v2\/pages\/37","targetHints":{"allow":["GET"]}}],"collection":[{"href":"https:\/\/stprovidencia.cl\/web\/wp-json\/wp\/v2\/pages"}],"about":[{"href":"https:\/\/stprovidencia.cl\/web\/wp-json\/wp\/v2\/types\/page"}],"author":[{"embeddable":true,"href":"https:\/\/stprovidencia.cl\/web\/wp-json\/wp\/v2\/users\/1"}],"replies":[{"embeddable":true,"href":"https:\/\/stprovidencia.cl\/web\/wp-json\/wp\/v2\/comments?post=37"}],"version-history":[{"count":15,"href":"https:\/\/stprovidencia.cl\/web\/wp-json\/wp\/v2\/pages\/37\/revisions"}],"predecessor-version":[{"id":110,"href":"https:\/\/stprovidencia.cl\/web\/wp-json\/wp\/v2\/pages\/37\/revisions\/110"}],"wp:attachment":[{"href":"https:\/\/stprovidencia.cl\/web\/wp-json\/wp\/v2\/media?parent=37"}],"curies":[{"name":"wp","href":"https:\/\/api.w.org\/{rel}","templated":true}]}}