{"id":3573,"date":"2020-10-01T18:27:21","date_gmt":"2020-10-01T21:27:21","guid":{"rendered":"https:\/\/stprovidencia.cl\/web\/?page_id=3573"},"modified":"2020-10-01T18:27:21","modified_gmt":"2020-10-01T21:27:21","slug":"tesoreria-informe-bimensual-mayo-junio-2020","status":"publish","type":"page","link":"https:\/\/stprovidencia.cl\/web\/tesoreria-informe-bimensual-mayo-junio-2020\/","title":{"rendered":"Tesorer\u00eda: Informe Bimensual Mayo &#8211; Junio 2020"},"content":{"rendered":"<p><img loading=\"lazy\" decoding=\"async\" class=\"aligncenter size-full wp-image-3579\" src=\"https:\/\/stprovidencia.cl\/web\/wp-content\/uploads\/2020\/10\/tesoreria001.jpg\" alt=\"\" width=\"660\" height=\"351\" srcset=\"https:\/\/stprovidencia.cl\/web\/wp-content\/uploads\/2020\/10\/tesoreria001.jpg 660w, https:\/\/stprovidencia.cl\/web\/wp-content\/uploads\/2020\/10\/tesoreria001-300x160.jpg 300w, https:\/\/stprovidencia.cl\/web\/wp-content\/uploads\/2020\/10\/tesoreria001-310x165.jpg 310w\" sizes=\"auto, (max-width: 660px) 100vw, 660px\" \/><\/p>\n<p>&nbsp;<\/p>\n<p>Estimadas socias y socios:<\/p>\n<p>A continuaci\u00f3n les presentamos en el <strong>Informe de Auditor\u00eda Bimensual Mayo &#8211; Junio 2020,<\/strong> elaborado por la firma de auditor\u00eda PBP, suscrito por los profesionales <strong>Pedro Badilla Paredes,<\/strong> Contado Auditor; y por <strong>Yanira Badilla Bascu\u00f1\u00e1n<\/strong>, Analista de RRHH.<\/p>\n<p>Para ver, consultar y\/o descargar, por favor presionar el siguiente bot\u00f3n:<\/p>\n<p><a href=\"https:\/\/stprovidencia.cl\/web\/wp-content\/uploads\/2020\/10\/3-INFORME-SOCIOS-MAYO-A-JUNIO.pdf\"><img loading=\"lazy\" decoding=\"async\" class=\"aligncenter wp-image-916 size-full\" src=\"https:\/\/stprovidencia.cl\/web\/wp-content\/uploads\/2018\/03\/descargar-gris.jpg\" alt=\"\" width=\"200\" height=\"85\" \/><\/a><\/p>\n","protected":false},"excerpt":{"rendered":"<p>&nbsp; Estimadas socias y socios: A continuaci\u00f3n les presentamos en el Informe de Auditor\u00eda Bimensual Mayo &#8211; Junio 2020, elaborado por la firma de auditor\u00eda PBP, suscrito por los profesionales Pedro Badilla Paredes, Contado Auditor; y por Yanira Badilla Bascu\u00f1\u00e1n, Analista de RRHH. Para ver, consultar y\/o descargar, por favor presionar el siguiente bot\u00f3n:<\/p>\n","protected":false},"author":1,"featured_media":3579,"parent":0,"menu_order":0,"comment_status":"closed","ping_status":"closed","template":"","meta":{"footnotes":""},"class_list":["post-3573","page","type-page","status-publish","has-post-thumbnail",""],"_links":{"self":[{"href":"https:\/\/stprovidencia.cl\/web\/wp-json\/wp\/v2\/pages\/3573","targetHints":{"allow":["GET"]}}],"collection":[{"href":"https:\/\/stprovidencia.cl\/web\/wp-json\/wp\/v2\/pages"}],"about":[{"href":"https:\/\/stprovidencia.cl\/web\/wp-json\/wp\/v2\/types\/page"}],"author":[{"embeddable":true,"href":"https:\/\/stprovidencia.cl\/web\/wp-json\/wp\/v2\/users\/1"}],"replies":[{"embeddable":true,"href":"https:\/\/stprovidencia.cl\/web\/wp-json\/wp\/v2\/comments?post=3573"}],"version-history":[{"count":1,"href":"https:\/\/stprovidencia.cl\/web\/wp-json\/wp\/v2\/pages\/3573\/revisions"}],"predecessor-version":[{"id":3580,"href":"https:\/\/stprovidencia.cl\/web\/wp-json\/wp\/v2\/pages\/3573\/revisions\/3580"}],"wp:featuredmedia":[{"embeddable":true,"href":"https:\/\/stprovidencia.cl\/web\/wp-json\/wp\/v2\/media\/3579"}],"wp:attachment":[{"href":"https:\/\/stprovidencia.cl\/web\/wp-json\/wp\/v2\/media?parent=3573"}],"curies":[{"name":"wp","href":"https:\/\/api.w.org\/{rel}","templated":true}]}}