{"id":3418,"date":"2020-08-28T18:37:43","date_gmt":"2020-08-28T22:37:43","guid":{"rendered":"https:\/\/stprovidencia.cl\/web\/?page_id=3418"},"modified":"2020-08-28T18:38:21","modified_gmt":"2020-08-28T22:38:21","slug":"reserva-de-derecho","status":"publish","type":"page","link":"https:\/\/stprovidencia.cl\/web\/reserva-de-derecho\/","title":{"rendered":"Reserva de Derecho"},"content":{"rendered":"<p><img loading=\"lazy\" decoding=\"async\" class=\"aligncenter size-full wp-image-3419\" src=\"https:\/\/stprovidencia.cl\/web\/wp-content\/uploads\/2020\/08\/banner-atencion.png\" alt=\"\" width=\"660\" height=\"351\" srcset=\"https:\/\/stprovidencia.cl\/web\/wp-content\/uploads\/2020\/08\/banner-atencion.png 660w, https:\/\/stprovidencia.cl\/web\/wp-content\/uploads\/2020\/08\/banner-atencion-300x160.png 300w, https:\/\/stprovidencia.cl\/web\/wp-content\/uploads\/2020\/08\/banner-atencion-310x165.png 310w\" sizes=\"auto, (max-width: 660px) 100vw, 660px\" \/><\/p>\n<p>\u00abMe reservo el derecho a impugnar la causal invocada, la vulneraci\u00f3n de derechos fundamentales, la fecha de inicio y termin\u00f3, la base c\u00e1lculo, el cobro de feriado legal, proporcional y progresivo, remuneraciones adeudadas, bonos adeudado; y cobro de prestaciones laborales; recargo legal e indemnizaciones correspondientes.\u00bb<\/p>\n","protected":false},"excerpt":{"rendered":"<p>\u00abMe reservo el derecho a impugnar la causal invocada, la vulneraci\u00f3n de derechos fundamentales, la fecha de inicio y termin\u00f3, la base c\u00e1lculo, el cobro de feriado legal, proporcional y progresivo, remuneraciones adeudadas, bonos adeudado; y cobro de prestaciones laborales; recargo legal e indemnizaciones correspondientes.\u00bb<\/p>\n","protected":false},"author":1,"featured_media":3419,"parent":0,"menu_order":0,"comment_status":"closed","ping_status":"closed","template":"","meta":{"footnotes":""},"class_list":["post-3418","page","type-page","status-publish","has-post-thumbnail",""],"_links":{"self":[{"href":"https:\/\/stprovidencia.cl\/web\/wp-json\/wp\/v2\/pages\/3418","targetHints":{"allow":["GET"]}}],"collection":[{"href":"https:\/\/stprovidencia.cl\/web\/wp-json\/wp\/v2\/pages"}],"about":[{"href":"https:\/\/stprovidencia.cl\/web\/wp-json\/wp\/v2\/types\/page"}],"author":[{"embeddable":true,"href":"https:\/\/stprovidencia.cl\/web\/wp-json\/wp\/v2\/users\/1"}],"replies":[{"embeddable":true,"href":"https:\/\/stprovidencia.cl\/web\/wp-json\/wp\/v2\/comments?post=3418"}],"version-history":[{"count":1,"href":"https:\/\/stprovidencia.cl\/web\/wp-json\/wp\/v2\/pages\/3418\/revisions"}],"predecessor-version":[{"id":3420,"href":"https:\/\/stprovidencia.cl\/web\/wp-json\/wp\/v2\/pages\/3418\/revisions\/3420"}],"wp:featuredmedia":[{"embeddable":true,"href":"https:\/\/stprovidencia.cl\/web\/wp-json\/wp\/v2\/media\/3419"}],"wp:attachment":[{"href":"https:\/\/stprovidencia.cl\/web\/wp-json\/wp\/v2\/media?parent=3418"}],"curies":[{"name":"wp","href":"https:\/\/api.w.org\/{rel}","templated":true}]}}