{"id":2923,"date":"2020-05-05T20:30:04","date_gmt":"2020-05-06T00:30:04","guid":{"rendered":"https:\/\/stprovidencia.cl\/web\/?page_id=2923"},"modified":"2020-05-06T10:31:41","modified_gmt":"2020-05-06T14:31:41","slug":"informe-de-auditoria-2018-2019","status":"publish","type":"page","link":"https:\/\/stprovidencia.cl\/web\/informe-de-auditoria-2018-2019\/","title":{"rendered":"Tesorer\u00eda: Informe de Auditor\u00eda 2018-2019"},"content":{"rendered":"<p><img loading=\"lazy\" decoding=\"async\" class=\"aligncenter size-full wp-image-2925\" src=\"https:\/\/stprovidencia.cl\/web\/wp-content\/uploads\/2020\/05\/banner-balance.jpg\" alt=\"\" width=\"660\" height=\"351\" srcset=\"https:\/\/stprovidencia.cl\/web\/wp-content\/uploads\/2020\/05\/banner-balance.jpg 660w, https:\/\/stprovidencia.cl\/web\/wp-content\/uploads\/2020\/05\/banner-balance-300x160.jpg 300w, https:\/\/stprovidencia.cl\/web\/wp-content\/uploads\/2020\/05\/banner-balance-310x165.jpg 310w\" sizes=\"auto, (max-width: 660px) 100vw, 660px\" \/><\/p>\n<p>Estimadas socias y socios,<\/p>\n<p>Junto con saludarles, les presentamos el <strong>Informe de Auditor\u00eda del Sindicato 2018-2019, <\/strong>emitido por nuestro asesor y contador auditor.<\/p>\n<p>Ahora debe ser sometido a la <strong>Comisi\u00f3n Revisora de Cuentas,<\/strong> que tiene por misi\u00f3n validar la integridad del mismo, confrontando la totalidad de la documentaci\u00f3n a la vista, que respaldan los registros contables de tesorer\u00eda, y de esta manera ratificar su validez en conformidad con nuestros estatutos.<\/p>\n<p>Sin embargo, la\u00a0 <strong>Comisi\u00f3n Revisora de Cuentas<\/strong> no se ha podido reunir debido a las actuales circunstancias de pandemia, por lo que dicha tarea quedar\u00e1 pendiente hasta el momento en que sea posible.<\/p>\n<p>Para ver, descargar y leer el balance, favor presionar el siguiente bot\u00f3n:<\/p>\n<p><a href=\"https:\/\/stprovidencia.cl\/web\/wp-content\/uploads\/2020\/05\/INFORME-AUDITORIA-SINDICATO-SOCIOS-V2.pdf\"><img loading=\"lazy\" decoding=\"async\" class=\"aligncenter wp-image-916 size-full\" src=\"https:\/\/stprovidencia.cl\/web\/wp-content\/uploads\/2018\/03\/descargar-gris.jpg\" alt=\"\" width=\"200\" height=\"85\" \/><\/a><\/p>\n<p>&nbsp;<\/p>\n<p>Se adjunta mail de la Comisi\u00f3n Revisora de Cuentas que solicita dicha postergaci\u00f3n:<\/p>\n<p><a href=\"https:\/\/stprovidencia.cl\/web\/wp-content\/uploads\/2020\/05\/mail-comisionrevisora.pdf\"><img loading=\"lazy\" decoding=\"async\" class=\"aligncenter size-full wp-image-916\" src=\"https:\/\/stprovidencia.cl\/web\/wp-content\/uploads\/2018\/03\/descargar-gris.jpg\" alt=\"\" width=\"200\" height=\"85\" \/><\/a><\/p>\n<p>Cordialmente,<\/p>\n<p>Teseorer\u00eda<br \/>\nSindicato de Trabajadores de Providencia<br \/>\nSTProvidencia<\/p>\n","protected":false},"excerpt":{"rendered":"<p>Estimadas socias y socios, Junto con saludarles, les presentamos el Informe de Auditor\u00eda del Sindicato 2018-2019, emitido por nuestro asesor y contador auditor. Ahora debe ser sometido a la Comisi\u00f3n Revisora de Cuentas, que tiene por misi\u00f3n validar la integridad del mismo, confrontando la totalidad de la documentaci\u00f3n a la vista, que respaldan los registros &hellip;<\/p>\n","protected":false},"author":1,"featured_media":2925,"parent":0,"menu_order":0,"comment_status":"closed","ping_status":"closed","template":"","meta":{"footnotes":""},"class_list":["post-2923","page","type-page","status-publish","has-post-thumbnail",""],"_links":{"self":[{"href":"https:\/\/stprovidencia.cl\/web\/wp-json\/wp\/v2\/pages\/2923","targetHints":{"allow":["GET"]}}],"collection":[{"href":"https:\/\/stprovidencia.cl\/web\/wp-json\/wp\/v2\/pages"}],"about":[{"href":"https:\/\/stprovidencia.cl\/web\/wp-json\/wp\/v2\/types\/page"}],"author":[{"embeddable":true,"href":"https:\/\/stprovidencia.cl\/web\/wp-json\/wp\/v2\/users\/1"}],"replies":[{"embeddable":true,"href":"https:\/\/stprovidencia.cl\/web\/wp-json\/wp\/v2\/comments?post=2923"}],"version-history":[{"count":6,"href":"https:\/\/stprovidencia.cl\/web\/wp-json\/wp\/v2\/pages\/2923\/revisions"}],"predecessor-version":[{"id":2934,"href":"https:\/\/stprovidencia.cl\/web\/wp-json\/wp\/v2\/pages\/2923\/revisions\/2934"}],"wp:featuredmedia":[{"embeddable":true,"href":"https:\/\/stprovidencia.cl\/web\/wp-json\/wp\/v2\/media\/2925"}],"wp:attachment":[{"href":"https:\/\/stprovidencia.cl\/web\/wp-json\/wp\/v2\/media?parent=2923"}],"curies":[{"name":"wp","href":"https:\/\/api.w.org\/{rel}","templated":true}]}}