{"id":1884,"date":"2019-09-05T13:40:26","date_gmt":"2019-09-05T17:40:26","guid":{"rendered":"https:\/\/stprovidencia.cl\/web\/?page_id=1884"},"modified":"2019-12-03T22:53:26","modified_gmt":"2019-12-04T01:53:26","slug":"estatutos-2019","status":"publish","type":"page","link":"https:\/\/stprovidencia.cl\/web\/estatutos-2019\/","title":{"rendered":"Estatutos 2019"},"content":{"rendered":"<p><img loading=\"lazy\" decoding=\"async\" class=\"aligncenter size-full wp-image-1886\" src=\"https:\/\/stprovidencia.cl\/web\/wp-content\/uploads\/2019\/09\/banner-estatutos2019.jpg\" alt=\"\" width=\"660\" height=\"437\" srcset=\"https:\/\/stprovidencia.cl\/web\/wp-content\/uploads\/2019\/09\/banner-estatutos2019.jpg 660w, https:\/\/stprovidencia.cl\/web\/wp-content\/uploads\/2019\/09\/banner-estatutos2019-300x199.jpg 300w, https:\/\/stprovidencia.cl\/web\/wp-content\/uploads\/2019\/09\/banner-estatutos2019-310x205.jpg 310w\" sizes=\"auto, (max-width: 660px) 100vw, 660px\" \/><\/p>\n<p>Presentamos a todas nuestras socias y socios, los nuevos estatutos para nuestro sindicato. Sin embargo, debemos informar que los mismos se encuentran en proceso de revisi\u00f3n por la <strong>Direcci\u00f3n del Trabajo.<\/strong> Para revisar y descargar, por favor presionar el siguiente bot\u00f3n.<\/p>\n<p><a href=\"https:\/\/stprovidencia.cl\/web\/wp-content\/uploads\/2019\/09\/Estatutos-STProvidencia-2019.pdf\"><img loading=\"lazy\" decoding=\"async\" class=\"aligncenter size-full wp-image-916\" src=\"https:\/\/stprovidencia.cl\/web\/wp-content\/uploads\/2018\/03\/descargar-gris.jpg\" alt=\"\" width=\"200\" height=\"85\" \/><\/a><\/p>\n","protected":false},"excerpt":{"rendered":"<p>Presentamos a todas nuestras socias y socios, los nuevos estatutos para nuestro sindicato. Sin embargo, debemos informar que los mismos se encuentran en proceso de revisi\u00f3n por la Direcci\u00f3n del Trabajo. Para revisar y descargar, por favor presionar el siguiente bot\u00f3n.<\/p>\n","protected":false},"author":1,"featured_media":0,"parent":0,"menu_order":0,"comment_status":"closed","ping_status":"closed","template":"","meta":{"footnotes":""},"class_list":["post-1884","page","type-page","status-publish",""],"_links":{"self":[{"href":"https:\/\/stprovidencia.cl\/web\/wp-json\/wp\/v2\/pages\/1884","targetHints":{"allow":["GET"]}}],"collection":[{"href":"https:\/\/stprovidencia.cl\/web\/wp-json\/wp\/v2\/pages"}],"about":[{"href":"https:\/\/stprovidencia.cl\/web\/wp-json\/wp\/v2\/types\/page"}],"author":[{"embeddable":true,"href":"https:\/\/stprovidencia.cl\/web\/wp-json\/wp\/v2\/users\/1"}],"replies":[{"embeddable":true,"href":"https:\/\/stprovidencia.cl\/web\/wp-json\/wp\/v2\/comments?post=1884"}],"version-history":[{"count":3,"href":"https:\/\/stprovidencia.cl\/web\/wp-json\/wp\/v2\/pages\/1884\/revisions"}],"predecessor-version":[{"id":2390,"href":"https:\/\/stprovidencia.cl\/web\/wp-json\/wp\/v2\/pages\/1884\/revisions\/2390"}],"wp:attachment":[{"href":"https:\/\/stprovidencia.cl\/web\/wp-json\/wp\/v2\/media?parent=1884"}],"curies":[{"name":"wp","href":"https:\/\/api.w.org\/{rel}","templated":true}]}}